{"id":2,"date":"2012-09-13T12:58:26","date_gmt":"2012-09-13T12:58:26","guid":{"rendered":"http:\/\/www.solidarwerk.de\/cms\/?page_id=2"},"modified":"2026-03-31T11:38:33","modified_gmt":"2026-03-31T09:38:33","slug":"beispiel-seite","status":"publish","type":"page","link":"https:\/\/www.solidarwerk.de\/cms\/","title":{"rendered":"Startseite"},"content":{"rendered":"<h1><a href=\"https:\/\/www.solidarwerk.de\/cms\/wp-content\/uploads\/2012\/09\/symbolbild_tauziehen_o.jpg\" class=\"liimagelink\"><img decoding=\"async\" loading=\"lazy\" class=\"alignright  wp-image-95\" title=\"symbolbild_tauziehen_o\" src=\"https:\/\/www.solidarwerk.de\/cms\/wp-content\/uploads\/2012\/09\/symbolbild_tauziehen_o-300x195.jpg\" alt=\"\" width=\"210\" height=\"137\" srcset=\"https:\/\/www.solidarwerk.de\/cms\/wp-content\/uploads\/2012\/09\/symbolbild_tauziehen_o-300x195.jpg 300w, https:\/\/www.solidarwerk.de\/cms\/wp-content\/uploads\/2012\/09\/symbolbild_tauziehen_o.jpg 405w\" sizes=\"(max-width: 210px) 100vw, 210px\" \/><\/a>Das Solidarwerk e. V.<\/h1>\n<p>Das Solidarwerk der katholischen Orden Deutschlands ist ein solidarischer Zusammenschluss von katholischen Ordensgemeinschaften.<\/p>\n<p>Es ber\u00e4t und unterst\u00fctzt seine Mitgliedsgemeinschaften in Fragen der Altersvorsorgeverpflichtungen f\u00fcr die eigenen Ordensmitglieder auf der Grundlage des Profess-Vertrags.<\/p>\n<p>Das Solidarwerk wurde 1991 von Ordensgemeinschaften gegr\u00fcndet. Derzeit sind 279 Ordensgemeinschaften und selbst\u00e4ndige\u00a0 Einzelkl\u00f6ster mit insgesamt ca. 10.000 Ordensleuten darin zusammengeschlossen.<\/p>\n<p>Mitglied kann jede Gemeinschaft werden, deren h\u00f6here Oberin \/ h\u00f6herer Oberer Mitglied der Deutschen Ordensoberen-Konferenz (DOK) ist.<\/p>\n<p><strong><span style=\"color: #333399;\"><a href=\"https:\/\/www.solidarwerk.de\/cms\/wp-content\/uploads\/2025\/05\/2024_Satzung_Final.pdf\" style=\"color: #333399;\" class=\"lipdf\">Satzung des Solidarwerks (Stand: 14.11.2024)<\/a><\/span><\/strong><\/p>\n","protected":false},"excerpt":{"rendered":"<p>Das Solidarwerk e. V. Das Solidarwerk der katholischen Orden Deutschlands ist ein solidarischer Zusammenschluss von katholischen Ordensgemeinschaften. Es ber\u00e4t und unterst\u00fctzt seine Mitgliedsgemeinschaften in Fragen der Altersvorsorgeverpflichtungen f\u00fcr die eigenen Ordensmitglieder auf der Grundlage des Profess-Vertrags. Das Solidarwerk wurde 1991 von Ordensgemeinschaften gegr\u00fcndet. Derzeit sind 279 Ordensgemeinschaften und selbst\u00e4ndige\u00a0 Einzelkl\u00f6ster mit insgesamt ca. 10.000 Ordensleuten darin zusammengeschlossen. Mitglied kann jede &hellip; <a href=\"https:\/\/www.solidarwerk.de\/cms\/\" class=\"liinternal\">Weiterlesen <span class=\"meta-nav\">&rarr;<\/span><\/a><\/p>\n","protected":false},"author":6,"featured_media":0,"parent":0,"menu_order":0,"comment_status":"open","ping_status":"open","template":"","meta":[],"_links":{"self":[{"href":"https:\/\/www.solidarwerk.de\/cms\/index.php?rest_route=\/wp\/v2\/pages\/2"}],"collection":[{"href":"https:\/\/www.solidarwerk.de\/cms\/index.php?rest_route=\/wp\/v2\/pages"}],"about":[{"href":"https:\/\/www.solidarwerk.de\/cms\/index.php?rest_route=\/wp\/v2\/types\/page"}],"author":[{"embeddable":true,"href":"https:\/\/www.solidarwerk.de\/cms\/index.php?rest_route=\/wp\/v2\/users\/6"}],"replies":[{"embeddable":true,"href":"https:\/\/www.solidarwerk.de\/cms\/index.php?rest_route=%2Fwp%2Fv2%2Fcomments&post=2"}],"version-history":[{"count":43,"href":"https:\/\/www.solidarwerk.de\/cms\/index.php?rest_route=\/wp\/v2\/pages\/2\/revisions"}],"predecessor-version":[{"id":722,"href":"https:\/\/www.solidarwerk.de\/cms\/index.php?rest_route=\/wp\/v2\/pages\/2\/revisions\/722"}],"wp:attachment":[{"href":"https:\/\/www.solidarwerk.de\/cms\/index.php?rest_route=%2Fwp%2Fv2%2Fmedia&parent=2"}],"curies":[{"name":"wp","href":"https:\/\/api.w.org\/{rel}","templated":true}]}}