{"id":10,"date":"2012-10-18T12:58:26","date_gmt":"2012-10-18T10:58:26","guid":{"rendered":"http:\/\/www.solidarwerk.de\/cms\/?page_id=10"},"modified":"2026-02-06T09:05:41","modified_gmt":"2026-02-06T07:05:41","slug":"vorstand","status":"publish","type":"page","link":"https:\/\/www.solidarwerk.de\/cms\/?page_id=10","title":{"rendered":"Vorstand \/ GF"},"content":{"rendered":"<div id=\"content_column_left\">\n<h1>Vorstand<\/h1>\n<p><strong>Pater Dr. Michael Baumbach MSF<br \/>\nVorstandsvorsitzender<\/strong><br \/>\nPropsteistra\u00dfe 8<br \/>\n48145 M\u00fcnster<br \/>\nE-Mail: vorstand (at) solidarwerk.de<\/p>\n<p><strong>Schwester Juliane Flormann OSF<br \/>\n<\/strong><strong>Stellvertr. Vorstandsvorsitzende<br \/>\n<\/strong>Kloster Sie\u00dfen 3<br \/>\n88348 Bad Saulgau<br \/>\nE-Mail: schwester-juliane (at) solidarwerk.de<\/p>\n<p><strong>Stefan Burk<\/strong><strong><br \/>\n<\/strong><strong>Stellvertr. Vorstandsvorsitzender<br \/>\n<\/strong>Bergkloster 1<br \/>\n59909 Bestwig<br \/>\nE-Mail: stefan-burk (at) solidarwerk.de<\/p>\n<p><strong>Frater Rudolf Knopp OH\u00a0<\/strong><br \/>\nS\u00fcdliches Schlo\u00dfrondell 5<br \/>\n80638 M\u00fcnchen<br \/>\nE-Mail: frater-rudolf (at) solidarwerk.de<\/p>\n<p><strong>Michael Schorn<br \/>\n<\/strong>Am Friedrichsbrunnen 7a<br \/>\n96049 Bamberg<br \/>\nE-Mail: michael-schorn (at) solidarwerk.de<\/p>\n<\/div>\n<div id=\"content_column_right\">\n<h1>Gesch\u00e4ftsf\u00fchrung<\/h1>\n<p><strong>Heike B\u00fchler-Schwingel<\/strong><br \/>\nSolidarwerk e.V.<br \/>\nWittelsbacherring 9<br \/>\n53115 Bonn<br \/>\nTel.: 0228 \/ 68449 &#8211; 15<br \/>\nE-Mail: buehler-schwingel (at) solidarwerk.de<\/p>\n<p><strong>Pr\u00e4senz<\/strong>:<br \/>\nMo, Di, Mi, Fr:<br \/>\n08:00 Uhr &#8211; 12:00 Uhr<\/p>\n<\/div>\n","protected":false},"excerpt":{"rendered":"<p>Vorstand Pater Dr. Michael Baumbach MSF Vorstandsvorsitzender Propsteistra\u00dfe 8 48145 M\u00fcnster E-Mail: vorstand (at) solidarwerk.de Schwester Juliane Flormann OSF Stellvertr. Vorstandsvorsitzende Kloster Sie\u00dfen 3 88348 Bad Saulgau E-Mail: schwester-juliane (at) solidarwerk.de Stefan Burk Stellvertr. Vorstandsvorsitzender Bergkloster 1 59909 Bestwig E-Mail: stefan-burk (at) solidarwerk.de Frater Rudolf Knopp OH\u00a0 S\u00fcdliches Schlo\u00dfrondell 5 80638 M\u00fcnchen E-Mail: frater-rudolf (at) solidarwerk.de Michael Schorn Am Friedrichsbrunnen &hellip; <a href=\"https:\/\/www.solidarwerk.de\/cms\/?page_id=10\" class=\"liinternal\">Weiterlesen <span class=\"meta-nav\">&rarr;<\/span><\/a><\/p>\n","protected":false},"author":6,"featured_media":0,"parent":0,"menu_order":2,"comment_status":"open","ping_status":"open","template":"","meta":[],"_links":{"self":[{"href":"https:\/\/www.solidarwerk.de\/cms\/index.php?rest_route=\/wp\/v2\/pages\/10"}],"collection":[{"href":"https:\/\/www.solidarwerk.de\/cms\/index.php?rest_route=\/wp\/v2\/pages"}],"about":[{"href":"https:\/\/www.solidarwerk.de\/cms\/index.php?rest_route=\/wp\/v2\/types\/page"}],"author":[{"embeddable":true,"href":"https:\/\/www.solidarwerk.de\/cms\/index.php?rest_route=\/wp\/v2\/users\/6"}],"replies":[{"embeddable":true,"href":"https:\/\/www.solidarwerk.de\/cms\/index.php?rest_route=%2Fwp%2Fv2%2Fcomments&post=10"}],"version-history":[{"count":102,"href":"https:\/\/www.solidarwerk.de\/cms\/index.php?rest_route=\/wp\/v2\/pages\/10\/revisions"}],"predecessor-version":[{"id":719,"href":"https:\/\/www.solidarwerk.de\/cms\/index.php?rest_route=\/wp\/v2\/pages\/10\/revisions\/719"}],"wp:attachment":[{"href":"https:\/\/www.solidarwerk.de\/cms\/index.php?rest_route=%2Fwp%2Fv2%2Fmedia&parent=10"}],"curies":[{"name":"wp","href":"https:\/\/api.w.org\/{rel}","templated":true}]}}